{"id":1009,"date":"2025-02-03T19:03:53","date_gmt":"2025-02-03T19:03:53","guid":{"rendered":"https:\/\/multicom.bewmarketingdigital.com.br\/?page_id=1009"},"modified":"2025-02-03T19:08:38","modified_gmt":"2025-02-03T19:08:38","slug":"protecao-de-dados","status":"publish","type":"page","link":"https:\/\/multicom.bewmarketingdigital.com.br\/es\/protecao-de-dados\/","title":{"rendered":"Prote\u00e7\u00e3o de Dados"},"content":{"rendered":"<div data-elementor-type=\"wp-page\" data-elementor-id=\"1009\" class=\"elementor elementor-1009\" data-elementor-settings=\"{&quot;ha_cmc_init_switcher&quot;:&quot;no&quot;}\" data-elementor-post-type=\"page\">\n\t\t\t\t<div class=\"elementor-element elementor-element-afe319a e-flex e-con-boxed e-con e-parent\" data-id=\"afe319a\" data-element_type=\"container\" data-settings=\"{&quot;background_background&quot;:&quot;classic&quot;,&quot;_ha_eqh_enable&quot;:false}\">\n\t\t\t\t\t<div class=\"e-con-inner\">\n\t\t<div class=\"elementor-element elementor-element-370b04d e-con-full e-flex e-con e-child\" data-id=\"370b04d\" data-element_type=\"container\" data-settings=\"{&quot;_ha_eqh_enable&quot;:false}\">\n\t\t\t\t<div class=\"elementor-element elementor-element-b70ada5 elementor-widget__width-initial elementor-widget-tablet__width-initial elementor-widget-mobile__width-initial elementor-invisible elementor-widget elementor-widget-heading\" data-id=\"b70ada5\" data-element_type=\"widget\" data-settings=\"{&quot;_animation&quot;:&quot;fadeInUp&quot;}\" data-widget_type=\"heading.default\">\n\t\t\t\t\t<h2 class=\"elementor-heading-title elementor-size-default\">Protecci\u00f3n de datos<\/h2>\t\t\t\t<\/div>\n\t\t\t\t<\/div>\n\t\t\t\t\t<\/div>\n\t\t\t\t<\/div>\n\t\t<div class=\"elementor-element elementor-element-9873f33 e-con-full e-flex e-con e-parent\" data-id=\"9873f33\" data-element_type=\"container\" data-settings=\"{&quot;_ha_eqh_enable&quot;:false}\">\n\t\t\t\t<div class=\"elementor-element elementor-element-2d0234e elementor-widget__width-initial elementor-widget elementor-widget-pp-divider\" data-id=\"2d0234e\" data-element_type=\"widget\" data-widget_type=\"pp-divider.default\">\n\t\t\t\t\t\t\t<div class=\"pp-divider-wrap\">\n\t\t\t\t\t\t\t<div class=\"pp-divider pp-divider-horizontal horizontal\"><\/div>\n\t\t\t\t\t\t<\/div>    \n\t\t\t\t\t\t<\/div>\n\t\t\t\t<div class=\"elementor-element elementor-element-4c61a1f elementor-widget__width-initial elementor-widget elementor-widget-pp-divider\" data-id=\"4c61a1f\" data-element_type=\"widget\" data-widget_type=\"pp-divider.default\">\n\t\t\t\t\t\t\t<div class=\"pp-divider-wrap\">\n\t\t\t\t\t\t\t<div class=\"pp-divider pp-divider-horizontal horizontal\"><\/div>\n\t\t\t\t\t\t<\/div>    \n\t\t\t\t\t\t<\/div>\n\t\t\t\t<div class=\"elementor-element elementor-element-eb34411 elementor-widget__width-initial elementor-widget elementor-widget-pp-divider\" data-id=\"eb34411\" data-element_type=\"widget\" data-widget_type=\"pp-divider.default\">\n\t\t\t\t\t\t\t<div class=\"pp-divider-wrap\">\n\t\t\t\t\t\t\t<div class=\"pp-divider pp-divider-horizontal horizontal\"><\/div>\n\t\t\t\t\t\t<\/div>    \n\t\t\t\t\t\t<\/div>\n\t\t\t\t<div class=\"elementor-element elementor-element-c2e4bec elementor-widget__width-initial elementor-widget elementor-widget-pp-divider\" data-id=\"c2e4bec\" data-element_type=\"widget\" data-widget_type=\"pp-divider.default\">\n\t\t\t\t\t\t\t<div class=\"pp-divider-wrap\">\n\t\t\t\t\t\t\t<div class=\"pp-divider pp-divider-horizontal horizontal\"><\/div>\n\t\t\t\t\t\t<\/div>    \n\t\t\t\t\t\t<\/div>\n\t\t\t\t<\/div>\n\t\t<div class=\"elementor-element elementor-element-4710d150 e-flex e-con-boxed e-con e-parent\" data-id=\"4710d150\" data-element_type=\"container\" data-settings=\"{&quot;background_background&quot;:&quot;classic&quot;,&quot;_ha_eqh_enable&quot;:false}\">\n\t\t\t\t\t<div class=\"e-con-inner\">\n\t\t<div class=\"elementor-element elementor-element-44f07f2 e-con-full e-flex e-con e-child\" data-id=\"44f07f2\" data-element_type=\"container\" data-settings=\"{&quot;_ha_eqh_enable&quot;:false}\">\n\t\t\t\t<div class=\"elementor-element elementor-element-d2979d5 elementor-widget elementor-widget-text-editor\" data-id=\"d2979d5\" data-element_type=\"widget\" data-widget_type=\"text-editor.default\">\n\t\t\t\t\t\t\t\t\t<p>Voc\u00ea conhece a Lei Geral de Prote\u00e7\u00e3o de Dados Pessoais (LGPD)?\u00a0<strong>Sabe como ela afeta sua vida pessoal e o dia a dia do seu trabalho?<\/strong><\/p><p>Voc\u00ea j\u00e1 parou para pensar na quantidade de dados que informamos diariamente no com\u00e9rcio, em sites, aplicativos, redes sociais? E qual \u00e9 o destino desses dados? Quem coleta estas informa\u00e7\u00f5es, onde elas s\u00e3o armazenadas, como s\u00e3o utilizadas, para que servem? Por que precisamos informar o CPF para comprar um simples produto na farm\u00e1cia? Por que recebemos tantas mensagens indesejadas em nossas caixas de correio? Afinal,\u00a0<strong>o que estamos dispostos a ceder da nossa privacidade em troca de conveni\u00eancia e benef\u00edcios<\/strong>?<\/p>\t\t\t\t\t\t\t\t<\/div>\n\t\t\t\t<\/div>\n\t\t<div class=\"elementor-element elementor-element-aaba8ca e-con-full e-flex e-con e-child\" data-id=\"aaba8ca\" data-element_type=\"container\" data-settings=\"{&quot;_ha_eqh_enable&quot;:false}\">\n\t\t\t\t<div class=\"elementor-element elementor-element-4fa7681 elementor-widget__width-inherit elementor-widget-tablet__width-inherit elementor-widget-mobile__width-auto elementor-widget elementor-widget-heading\" data-id=\"4fa7681\" data-element_type=\"widget\" data-widget_type=\"heading.default\">\n\t\t\t\t\t<h2 class=\"elementor-heading-title elementor-size-default\">Dados formam o alicerce de uma nova economia.<\/h2>\t\t\t\t<\/div>\n\t\t\t\t<div class=\"elementor-element elementor-element-80c638c elementor-widget elementor-widget-text-editor\" data-id=\"80c638c\" data-element_type=\"widget\" data-widget_type=\"text-editor.default\">\n\t\t\t\t\t\t\t\t\t<p>Atualmente, toda institui\u00e7\u00e3o, em menor ou maior grau, tamb\u00e9m \u00e9 uma gestora de dados pessoais, pois coleta, armazena e utiliza informa\u00e7\u00f5es de pessoas de todo o mundo.\u00a0<strong>E para proteger o cidad\u00e3o do uso e exposi\u00e7\u00e3o indevidos de suas informa\u00e7\u00f5es pessoais<\/strong>, foi sancionada a\u00a0<strong>Lei Geral de Prote\u00e7\u00e3o de Dados Pessoais<\/strong>\u00a0(Lei n\u00ba 13.709\/ 2018). As empresas t\u00eam at\u00e9 16 de agosto de 2020 para se adequar \u00e0 LGPD.<\/p><p>A Lei versa sobre o tratamento de dados pessoais inclusive nos meios digitais. Ou seja, toda opera\u00e7\u00e3o realizada com os dados pessoais de qualquer indiv\u00edduo est\u00e1 sujeita \u00e0 LGPD.<\/p><p><strong>Quando um dado pessoal \u00e9 coletado, produzido, recepcionado, classificado, utilizado, acessado, reproduzido, transmitido, distribu\u00eddo, processado, arquivado, armazenado, eliminado, avaliado, controlado, modificado, comunicado ou transferido, ele est\u00e1 sendo tratado.<\/strong><\/p><p>A Lei tem aplica\u00e7\u00e3o extraterritorial, ou seja, as empresas estrangeiras que tamb\u00e9m coletarem ou tratarem dados em territ\u00f3rio nacional ou oferecerem bens ou servi\u00e7os a indiv\u00edduos localizados no Brasil est\u00e3o sujeitas \u00e0 aplica\u00e7\u00e3o da LGPD.<\/p>\t\t\t\t\t\t\t\t<\/div>\n\t\t\t\t<\/div>\n\t\t<div class=\"elementor-element elementor-element-8be5c5b e-con-full e-flex e-con e-child\" data-id=\"8be5c5b\" data-element_type=\"container\" data-settings=\"{&quot;_ha_eqh_enable&quot;:false}\">\n\t\t\t\t<div class=\"elementor-element elementor-element-b0a4686 elementor-widget__width-inherit elementor-widget-tablet__width-inherit elementor-widget-mobile__width-auto elementor-widget elementor-widget-heading\" data-id=\"b0a4686\" data-element_type=\"widget\" data-widget_type=\"heading.default\">\n\t\t\t\t\t<h2 class=\"elementor-heading-title elementor-size-default\">O que \u00e9 um dado pessoal?\n<\/h2>\t\t\t\t<\/div>\n\t\t\t\t<div class=\"elementor-element elementor-element-e918c3a elementor-widget elementor-widget-text-editor\" data-id=\"e918c3a\" data-element_type=\"widget\" data-widget_type=\"text-editor.default\">\n\t\t\t\t\t\t\t\t\t<p><strong>Dado pessoal<\/strong>\u00a0\u00e9 qualquer informa\u00e7\u00e3o que, de maneira isolada ou agregada, possa identificar um indiv\u00edduo, como nome, endere\u00e7o, e-mail, endere\u00e7o de IP, dados de comportamento em p\u00e1ginas da internet, h\u00e1bitos de consumo, etc. Portanto, \u00e9 qualquer informa\u00e7\u00e3o relacionada a uma pessoa natural e\u00a0<strong>n\u00e3o somente aquele dado relacionado \u00e0 vida privada<\/strong>.<\/p><p><strong>Dado pessoal sens\u00edvel<\/strong>\u00a0diz respeito \u00e0 origem racial ou \u00e9tnica, convic\u00e7\u00f5es religiosas ou filos\u00f3ficas, opini\u00f5es pol\u00edticas, filia\u00e7\u00e3o sindical, dados gen\u00e9ticos ou biom\u00e9tricos, e sobre a sa\u00fade ou a vida sexual se vinculado a uma pessoa. Pela sua natureza, podem sujeitar o seu titular a pr\u00e1ticas discriminat\u00f3rias e, por isso, devem ser tratados de forma mais segura e restritiva.<\/p>\t\t\t\t\t\t\t\t<\/div>\n\t\t\t\t<\/div>\n\t\t<div class=\"elementor-element elementor-element-3658f8e e-con-full e-flex e-con e-child\" data-id=\"3658f8e\" data-element_type=\"container\" data-settings=\"{&quot;_ha_eqh_enable&quot;:false}\">\n\t\t\t\t<div class=\"elementor-element elementor-element-e8633db elementor-widget__width-inherit elementor-widget-tablet__width-inherit elementor-widget-mobile__width-auto elementor-widget elementor-widget-heading\" data-id=\"e8633db\" data-element_type=\"widget\" data-widget_type=\"heading.default\">\n\t\t\t\t\t<h2 class=\"elementor-heading-title elementor-size-default\">Titular dos dados\n<\/h2>\t\t\t\t<\/div>\n\t\t\t\t<div class=\"elementor-element elementor-element-dc3d160 elementor-widget elementor-widget-text-editor\" data-id=\"dc3d160\" data-element_type=\"widget\" data-widget_type=\"text-editor.default\">\n\t\t\t\t\t\t\t\t\t<p>Titular \u00e9 a pessoa a quem se referem os dados pessoais objeto de tratamento. S\u00e3o direitos do titular: confirma\u00e7\u00e3o da exist\u00eancia de tratamento; acesso aos dados; corre\u00e7\u00e3o de dados; anonimiza\u00e7\u00e3o; bloqueio ou elimina\u00e7\u00e3o de dados desnecess\u00e1rios, excessivos ou tratados em desconformidade com a Lei; portabilidade; obten\u00e7\u00e3o de informa\u00e7\u00e3o a respeito do compartilhamento de dados, revoga\u00e7\u00e3o do consentimento e elimina\u00e7\u00e3o dos dados tratados sob esse fundamento.<\/p><p><strong>Al\u00e9m do Titular, a Lei tamb\u00e9m<\/strong>\u00a0define os pap\u00e9is do Controlador, Operador, Encarregado e Autoridade Nacional. Na pr\u00e1tica funciona assim:<\/p><p>Quando voc\u00ea vai \u00e0 farm\u00e1cia e faz o cadastro para ter direito a um desconto,\u00a0<strong>voc\u00ea \u00e9 o Titular e a farm\u00e1cia, o Controlador<\/strong>.<\/p><p>A farm\u00e1cia contrata uma empresa que cuida do sistema de gerenciamento do banco de dados,\u00a0<strong>esta empresa \u00e9 o Operador.<\/strong><\/p><p>A farm\u00e1cia tem um Encarregado que \u00e9 o canal de comunica\u00e7\u00e3o com voc\u00ea sobre seus dados.<\/p><p>A ANPD emite as regras que complementam a LGPD. Fiscaliza a farm\u00e1cia e a empresa de sistemas e ainda recebe uma den\u00fancia caso voc\u00ea identifique que seus dados foram tratados de alguma forma com a qual voc\u00ea n\u00e3o concorda<\/p><p>No caso da Multicom, como regra geral, a empresa tem o papel de controladora, pois toma as decis\u00f5es referentes ao tratamento de dados pessoais, realizando o tratamento destas informa\u00e7\u00f5es por si ou por empresas contratadas para essa finalidade.<\/p><p>O\u00a0<strong>Encarregado<\/strong>\u00a0\u00e9 o\u00a0<strong>Ouvidor-Geral<\/strong>\u00a0e tem como atividades:<\/p><p>\u2022 Aceitar reclama\u00e7\u00f5es e comunica\u00e7\u00f5es dos titulares, prestar esclarecimentos e adotar provid\u00eancias;<br \/>\u2022 Receber comunica\u00e7\u00f5es da autoridade nacional e adotar provid\u00eancias;<br \/>\u2022 Orientar os funcion\u00e1rios e os contratados da entidade a respeito das pr\u00e1ticas a serem tomadas em rela\u00e7\u00e3o \u00e0 prote\u00e7\u00e3o de dados pessoais;<br \/>\u2022 Executar as demais atribui\u00e7\u00f5es determinadas pelo controlador ou estabelecidas em normas complementares.<\/p><p>La\u00a0<strong>Autoridade Nacional de Prote\u00e7\u00e3o de Dados<\/strong> est\u00e1 em processo de forma\u00e7\u00e3o e ser\u00e1 o \u00f3rg\u00e3o da administra\u00e7\u00e3o p\u00fablica respons\u00e1vel por zelar, implementar e fiscalizar o cumprimento da LGPD.<\/p>\t\t\t\t\t\t\t\t<\/div>\n\t\t\t\t<\/div>\n\t\t<div class=\"elementor-element elementor-element-6ff3525 e-con-full e-flex e-con e-child\" data-id=\"6ff3525\" data-element_type=\"container\" data-settings=\"{&quot;_ha_eqh_enable&quot;:false}\">\n\t\t\t\t<div class=\"elementor-element elementor-element-703d848 elementor-widget__width-inherit elementor-widget-tablet__width-inherit elementor-widget-mobile__width-auto elementor-widget elementor-widget-heading\" data-id=\"703d848\" data-element_type=\"widget\" data-widget_type=\"heading.default\">\n\t\t\t\t\t<h2 class=\"elementor-heading-title elementor-size-default\">Princ\u00edpios e san\u00e7\u00f5es\n<\/h2>\t\t\t\t<\/div>\n\t\t\t\t<div class=\"elementor-element elementor-element-23671c7 elementor-widget elementor-widget-text-editor\" data-id=\"23671c7\" data-element_type=\"widget\" data-widget_type=\"text-editor.default\">\n\t\t\t\t\t\t\t\t\t<p>A LGPD prev\u00ea que todo tratamento de dados pessoais deve considerar a boa f\u00e9 e os seguintes princ\u00edpios:<\/p><h5 class=\"wp-block-heading\">FINALIDADE<\/h5><p>Coletar e tratar dados pessoais com finalidades espec\u00edficas, leg\u00edtimas e informadas ao titular.<\/p><h5 class=\"wp-block-heading\">TRANSPAR\u00caNCIA<\/h5><p>Garantir que o titular seja devidamente informado sobre o tratamento: finalidade, dura\u00e7\u00e3o do tratamento, agentes envolvidos, etc.<\/p><h5 class=\"wp-block-heading\">ADEQUA\u00c7\u00c3O<\/h5><p>Coletar e tratar, exclusivamente, dados compat\u00edveis com a finalidade informada ao titular.<\/p><h5 class=\"wp-block-heading\">NECESSIDADE<\/h5><p>Coletar informa\u00e7\u00f5es estritamente necess\u00e1rias para a realiza\u00e7\u00e3o da finalidade.<\/p><h5 class=\"wp-block-heading\">QUALIDADE DOS DADOS<\/h5><p>Garantir que os dados pessoais sob sua guarda estejam sempre exatos e atualizados e que sejam relevantes para o cumprimento da finalidade de seu tratamento.<\/p><h5 class=\"wp-block-heading\">N\u00c3O DISCRIMINA\u00c7\u00c3O<\/h5><p>Nunca tratar dados pessoais com fins discriminat\u00f3rios, il\u00edcitos ou abusivos.<\/p><h5 class=\"wp-block-heading\">LIVRE ACESSO<\/h5><p>Garantir o direito que o Titular tem de acessar seus dados. O Titular pode consultar de forma f\u00e1cil e gratuita todas as informa\u00e7\u00f5es que a organiza\u00e7\u00e3o tem sobre ele e tudo o que foi feito com estas informa\u00e7\u00f5es.<\/p><h5 class=\"wp-block-heading\">SEGURAN\u00c7A<\/h5><p>Utilizar medidas t\u00e9cnicas e administrativas aptas a proteger os dados pessoais de acessos n\u00e3o autorizados e de situa\u00e7\u00f5es acidentais ou il\u00edcitas de destrui\u00e7\u00e3o, perda, altera\u00e7\u00e3o, comunica\u00e7\u00e3o ou difus\u00e3o<\/p><h5 class=\"wp-block-heading\">PREVEN\u00c7\u00c3O<\/h5><p>Adotar medidas para prevenir a ocorr\u00eancia de danos em virtude do tratamento de dados pessoais<\/p><h5 class=\"wp-block-heading\">RESPONSABILIZA\u00c7\u00c3O E PRESTA\u00c7\u00c3O DE CONTAS<\/h5><p>Demonstrar a ado\u00e7\u00e3o de medidas eficazes e capazes de comprovar a observ\u00e2ncia e o cumprimento de normas de prote\u00e7\u00e3o de dados pessoais e, inclusive, da efic\u00e1cia dessas medidas.<\/p><p><strong>Minimiza\u00e7\u00e3o<\/strong>: coletar o m\u00ednimo poss\u00edvel de informa\u00e7\u00f5es<\/p><p><strong>Higieniza\u00e7\u00e3o<\/strong>: manter o banco de dados sempre atualizado e organizado<\/p><p>A n\u00e3o observ\u00e2ncia das normas da LGPD pode causar diversos danos nas esferas jur\u00eddica, operacional e reputacional, afetando os nossos neg\u00f3cios.<\/p><p>A LGPD prev\u00ea san\u00e7\u00f5es como advert\u00eancia, divulga\u00e7\u00e3o da infra\u00e7\u00e3o, bloqueio ou elimina\u00e7\u00e3o dos dados que deram origem \u00e0 falta, al\u00e9m de multas em at\u00e9 2% do faturamento l\u00edquido do ano, limitado a R$ 50.000.000,00 por infra\u00e7\u00e3o.<\/p>\t\t\t\t\t\t\t\t<\/div>\n\t\t\t\t<\/div>\n\t\t<div class=\"elementor-element elementor-element-5e23a34 e-con-full e-flex e-con e-child\" data-id=\"5e23a34\" data-element_type=\"container\" data-settings=\"{&quot;_ha_eqh_enable&quot;:false}\">\n\t\t\t\t<div class=\"elementor-element elementor-element-541ec1b elementor-widget__width-inherit elementor-widget-tablet__width-inherit elementor-widget-mobile__width-auto elementor-widget elementor-widget-heading\" data-id=\"541ec1b\" data-element_type=\"widget\" data-widget_type=\"heading.default\">\n\t\t\t\t\t<h2 class=\"elementor-heading-title elementor-size-default\">Situa\u00e7\u00f5es para tratamento de dados\n<\/h2>\t\t\t\t<\/div>\n\t\t\t\t<div class=\"elementor-element elementor-element-a401395 elementor-widget elementor-widget-text-editor\" data-id=\"a401395\" data-element_type=\"widget\" data-widget_type=\"text-editor.default\">\n\t\t\t\t\t\t\t\t\t<p>Cada um de n\u00f3s desempenha um papel importante na adequa\u00e7\u00e3o da empresa, pois todo e qualquer arquivo f\u00edsico ou eletr\u00f4nico que contenha dados pessoais ser\u00e1 objeto da LGPD. Para tratar dados pessoais que n\u00e3o sejam sens\u00edveis \u00e9 necess\u00e1rio estar presente pelo menos uma das hip\u00f3teses a seguir:<\/p><p>\u2022 Consentimento do titular de dados pessoais;<br \/>\u2022 Cumprimento de obriga\u00e7\u00e3o legal ou regulat\u00f3ria pelo controlador;<br \/>\u2022 Pela administra\u00e7\u00e3o p\u00fablica, para o tratamento e uso compartilhado de dados necess\u00e1rios \u00e0 execu\u00e7\u00e3o de pol\u00edticas p\u00fablicas;<br \/>\u2022 Para a realiza\u00e7\u00e3o de estudos por \u00f3rg\u00e3o de pesquisa;<br \/>\u2022 Para a execu\u00e7\u00e3o de contrato ou de procedimentos preliminares relacionados a contrato do qual seja parte o titular;<br \/>\u2022 Para o exerc\u00edcio regular de direitos em processo judicial, administrativo ou arbitral;<br \/>\u2022 Para a prote\u00e7\u00e3o da vida ou da incolumidade f\u00edsica do titular ou de terceiro;<br \/>\u2022 Para a tutela da sa\u00fade, exclusivamente, em procedimento realizado por profissionais de sa\u00fade, servi\u00e7os de sa\u00fade ou autoridade sanit\u00e1ria;<br \/>\u2022 Quando necess\u00e1rio para atender aos interesses leg\u00edtimos do controlador ou de terceiro, consideradas a partir de situa\u00e7\u00f5es concretas, exceto no caso de prevalecerem direitos e liberdades fundamentais do titular que exijam a prote\u00e7\u00e3o dos dados pessoais;<br \/>\u2022 Para a prote\u00e7\u00e3o do cr\u00e9dito.<\/p><p>O consentimento do titular \u00e9 a manifesta\u00e7\u00e3o livre, informada e inequ\u00edvoca pela qual o titular concorda com o tratamento de seus dados pessoais para uma finalidade determinada. No caso dos dados pessoais sens\u00edveis, o consentimento deve ser destacado e s\u00f3 poder\u00e1 ser dispensado nas seguintes hip\u00f3teses:<\/p><p>\u2022 Cumprimento de obriga\u00e7\u00e3o legal ou regulat\u00f3ria pelo controlador;<br \/>\u2022 Tratamento compartilhado de dados necess\u00e1rios \u00e0 execu\u00e7\u00e3o, pela administra\u00e7\u00e3o p\u00fablica, de pol\u00edticas p\u00fablicas previstas em leis ou regulamentos;<br \/>\u2022 Realiza\u00e7\u00e3o de estudos por \u00f3rg\u00e3o de pesquisa;<br \/>\u2022 Exerc\u00edcio regular de direitos, inclusive em contrato e em processo judicial, administrativo e arbitral;<br \/>\u2022 Prote\u00e7\u00e3o da vida ou da incolumidade f\u00edsica do titular ou de terceiro;<br \/>\u2022 Tutela da sa\u00fade, exclusivamente, em procedimento realizado por profissionais de sa\u00fade, servi\u00e7os de sa\u00fade ou autoridade sanit\u00e1ria; ou<br \/>\u2022 Garantia da preven\u00e7\u00e3o \u00e0 fraude e \u00e0 seguran\u00e7a do titular, nos processos de identifica\u00e7\u00e3o e autentica\u00e7\u00e3o de cadastro em sistemas eletr\u00f4nicos, exceto no caso de prevalecerem direitos e liberdades fundamentais do titular que exijam a prote\u00e7\u00e3o dos dados pessoais.<\/p>\t\t\t\t\t\t\t\t<\/div>\n\t\t\t\t<\/div>\n\t\t<div class=\"elementor-element elementor-element-2b9aa60 e-con-full e-flex e-con e-child\" data-id=\"2b9aa60\" data-element_type=\"container\" data-settings=\"{&quot;_ha_eqh_enable&quot;:false}\">\n\t\t\t\t<div class=\"elementor-element elementor-element-0b55e5c elementor-widget__width-inherit elementor-widget-tablet__width-inherit elementor-widget-mobile__width-auto elementor-widget elementor-widget-heading\" data-id=\"0b55e5c\" data-element_type=\"widget\" data-widget_type=\"heading.default\">\n\t\t\t\t\t<h2 class=\"elementor-heading-title elementor-size-default\">Multicom e a LGPD\n<\/h2>\t\t\t\t<\/div>\n\t\t\t\t<div class=\"elementor-element elementor-element-1c68c07 elementor-widget elementor-widget-text-editor\" data-id=\"1c68c07\" data-element_type=\"widget\" data-widget_type=\"text-editor.default\">\n\t\t\t\t\t\t\t\t\t<p>Realizamos tratamento de informa\u00e7\u00f5es pessoais de diversos p\u00fablicos de interesse da empresa: no cadastro de fornecedores ao obter os dados pessoais de seus representantes legais, quando recebemos visitantes em nossos pr\u00e9dios e em nosso site na internet e em outras diversas ocasi\u00f5es. Com a publica\u00e7\u00e3o da LGPD, devemos ser ainda mais rigorosos com as informa\u00e7\u00f5es que coletamos em nossas intera\u00e7\u00f5es di\u00e1rias, bem como em rela\u00e7\u00e3o ao tratamento que \u00e9 realizado.<\/p><p>Estamos trabalhando para adequar a empresa \u00e0s normas da LGPD. Mas \u00e9 papel de todos garantir que o tratamento das informa\u00e7\u00f5es pessoais dos nossos p\u00fablicos de interesse seja limitado ao m\u00ednimo necess\u00e1rio para a realiza\u00e7\u00e3o de suas finalidades, com a utiliza\u00e7\u00e3o de dados pertinentes, proporcionais e n\u00e3o excessivos em rela\u00e7\u00e3o \u00e0 finalidade do tratamento. Equil\u00edbrio \u00e9 a miss\u00e3o de todos que trabalham com dados pessoais, buscando a constante inova\u00e7\u00e3o com seguran\u00e7a e respeito \u00e0 privacidade.<\/p>\t\t\t\t\t\t\t\t<\/div>\n\t\t\t\t<\/div>\n\t\t\t\t\t<\/div>\n\t\t\t\t<\/div>\n\t\t\t\t<\/div>","protected":false},"excerpt":{"rendered":"<p>Prote\u00e7\u00e3o de dados Voc\u00ea conhece a Lei Geral de Prote\u00e7\u00e3o de Dados Pessoais (LGPD)?\u00a0Sabe como ela afeta sua vida pessoal e o dia a dia do seu trabalho? Voc\u00ea j\u00e1 parou para pensar na quantidade de dados que informamos diariamente no com\u00e9rcio, em sites, aplicativos, redes sociais? E qual \u00e9 o destino desses dados? Quem [&hellip;]<\/p>","protected":false},"author":1,"featured_media":0,"parent":0,"menu_order":0,"comment_status":"closed","ping_status":"closed","template":"elementor_header_footer","meta":{"footnotes":""},"class_list":["post-1009","page","type-page","status-publish","hentry"],"_links":{"self":[{"href":"https:\/\/multicom.bewmarketingdigital.com.br\/es\/wp-json\/wp\/v2\/pages\/1009","targetHints":{"allow":["GET"]}}],"collection":[{"href":"https:\/\/multicom.bewmarketingdigital.com.br\/es\/wp-json\/wp\/v2\/pages"}],"about":[{"href":"https:\/\/multicom.bewmarketingdigital.com.br\/es\/wp-json\/wp\/v2\/types\/page"}],"author":[{"embeddable":true,"href":"https:\/\/multicom.bewmarketingdigital.com.br\/es\/wp-json\/wp\/v2\/users\/1"}],"replies":[{"embeddable":true,"href":"https:\/\/multicom.bewmarketingdigital.com.br\/es\/wp-json\/wp\/v2\/comments?post=1009"}],"version-history":[{"count":4,"href":"https:\/\/multicom.bewmarketingdigital.com.br\/es\/wp-json\/wp\/v2\/pages\/1009\/revisions"}],"predecessor-version":[{"id":1013,"href":"https:\/\/multicom.bewmarketingdigital.com.br\/es\/wp-json\/wp\/v2\/pages\/1009\/revisions\/1013"}],"wp:attachment":[{"href":"https:\/\/multicom.bewmarketingdigital.com.br\/es\/wp-json\/wp\/v2\/media?parent=1009"}],"curies":[{"name":"wp","href":"https:\/\/api.w.org\/{rel}","templated":true}]}}