{"id":958,"date":"2025-02-03T16:16:49","date_gmt":"2025-02-03T16:16:49","guid":{"rendered":"https:\/\/multicom.bewmarketingdigital.com.br\/?page_id=958"},"modified":"2025-03-04T20:42:42","modified_gmt":"2025-03-04T20:42:42","slug":"canal-da-mulher","status":"publish","type":"page","link":"https:\/\/multicom.bewmarketingdigital.com.br\/es\/canal-da-mulher\/","title":{"rendered":"Canal de la Mujer"},"content":{"rendered":"<div data-elementor-type=\"wp-page\" data-elementor-id=\"958\" class=\"elementor elementor-958\" data-elementor-settings=\"{&quot;ha_cmc_init_switcher&quot;:&quot;no&quot;}\" data-elementor-post-type=\"page\">\n\t\t\t\t<div class=\"elementor-element elementor-element-afe319a e-flex e-con-boxed e-con e-parent\" data-id=\"afe319a\" data-element_type=\"container\" data-settings=\"{&quot;background_background&quot;:&quot;classic&quot;,&quot;_ha_eqh_enable&quot;:false}\">\n\t\t\t\t\t<div class=\"e-con-inner\">\n\t\t<div class=\"elementor-element elementor-element-370b04d e-con-full e-flex e-con e-child\" data-id=\"370b04d\" data-element_type=\"container\" data-settings=\"{&quot;_ha_eqh_enable&quot;:false}\">\n\t\t\t\t<div class=\"elementor-element elementor-element-b70ada5 elementor-widget__width-initial elementor-widget-tablet__width-initial elementor-widget-mobile__width-initial elementor-invisible elementor-widget elementor-widget-heading\" data-id=\"b70ada5\" data-element_type=\"widget\" data-settings=\"{&quot;_animation&quot;:&quot;fadeInUp&quot;}\" data-widget_type=\"heading.default\">\n\t\t\t\t\t<h2 class=\"elementor-heading-title elementor-size-default\">Canal de la Mujer<\/h2>\t\t\t\t<\/div>\n\t\t\t\t<\/div>\n\t\t\t\t\t<\/div>\n\t\t\t\t<\/div>\n\t\t<div class=\"elementor-element elementor-element-9873f33 e-con-full e-flex e-con e-parent\" data-id=\"9873f33\" data-element_type=\"container\" data-settings=\"{&quot;_ha_eqh_enable&quot;:false}\">\n\t\t\t\t<div class=\"elementor-element elementor-element-2d0234e elementor-widget__width-initial elementor-widget elementor-widget-pp-divider\" data-id=\"2d0234e\" data-element_type=\"widget\" data-widget_type=\"pp-divider.default\">\n\t\t\t\t\t\t\t<div class=\"pp-divider-wrap\">\n\t\t\t\t\t\t\t<div class=\"pp-divider pp-divider-horizontal horizontal\"><\/div>\n\t\t\t\t\t\t<\/div>    \n\t\t\t\t\t\t<\/div>\n\t\t\t\t<div class=\"elementor-element elementor-element-4c61a1f elementor-widget__width-initial elementor-widget elementor-widget-pp-divider\" data-id=\"4c61a1f\" data-element_type=\"widget\" data-widget_type=\"pp-divider.default\">\n\t\t\t\t\t\t\t<div class=\"pp-divider-wrap\">\n\t\t\t\t\t\t\t<div class=\"pp-divider pp-divider-horizontal horizontal\"><\/div>\n\t\t\t\t\t\t<\/div>    \n\t\t\t\t\t\t<\/div>\n\t\t\t\t<div class=\"elementor-element elementor-element-eb34411 elementor-widget__width-initial elementor-widget elementor-widget-pp-divider\" data-id=\"eb34411\" data-element_type=\"widget\" data-widget_type=\"pp-divider.default\">\n\t\t\t\t\t\t\t<div class=\"pp-divider-wrap\">\n\t\t\t\t\t\t\t<div class=\"pp-divider pp-divider-horizontal horizontal\"><\/div>\n\t\t\t\t\t\t<\/div>    \n\t\t\t\t\t\t<\/div>\n\t\t\t\t<div class=\"elementor-element elementor-element-c2e4bec elementor-widget__width-initial elementor-widget elementor-widget-pp-divider\" data-id=\"c2e4bec\" data-element_type=\"widget\" data-widget_type=\"pp-divider.default\">\n\t\t\t\t\t\t\t<div class=\"pp-divider-wrap\">\n\t\t\t\t\t\t\t<div class=\"pp-divider pp-divider-horizontal horizontal\"><\/div>\n\t\t\t\t\t\t<\/div>    \n\t\t\t\t\t\t<\/div>\n\t\t\t\t<\/div>\n\t\t<div class=\"elementor-element elementor-element-4710d150 e-flex e-con-boxed e-con e-parent\" data-id=\"4710d150\" data-element_type=\"container\" data-settings=\"{&quot;background_background&quot;:&quot;classic&quot;,&quot;_ha_eqh_enable&quot;:false}\">\n\t\t\t\t\t<div class=\"e-con-inner\">\n\t\t<div class=\"elementor-element elementor-element-44f07f2 e-con-full e-flex e-con e-child\" data-id=\"44f07f2\" data-element_type=\"container\" data-settings=\"{&quot;_ha_eqh_enable&quot;:false}\">\n\t\t\t\t<div class=\"elementor-element elementor-element-d2979d5 elementor-widget elementor-widget-text-editor\" data-id=\"d2979d5\" data-element_type=\"widget\" data-widget_type=\"text-editor.default\">\n\t\t\t\t\t\t\t\t\t<p>Nossa empresa se preocupa em manter o ambiente de trabalho \u00edntegro e livre de irregularidades. Por isso, disponibilizamos para nossas colaboradoras este canal espec\u00edfico de comunica\u00e7\u00e3o.<\/p><p>O Canal da Mulher \u00e9 um espa\u00e7o para as nossas colaboradoras realizarem den\u00fancias que julguem possuir conte\u00fado sens\u00edvel como, por exemplo, situa\u00e7\u00f5es de ass\u00e9dio, discrimina\u00e7\u00e3o ou agress\u00e3o.<\/p><p>Atrav\u00e9s dele, as nossas colaboradoras poder\u00e3o fazer, anonimamente, qualquer tipo de relato, que envolva comportamentos incoerentes com o nosso c\u00f3digo ou com as leis vigentes. Sugest\u00f5es para melhoria dos nossos sistemas, controles e ambiente de trabalho tamb\u00e9m s\u00e3o benvidas.<\/p><p>As den\u00fancias ser\u00e3o direcionadas para o nosso Comit\u00ea de \u00c9tica \/ Mulher, garantindo o seu anonimato.<\/p>\t\t\t\t\t\t\t\t<\/div>\n\t\t\t\t<\/div>\n\t\t<div class=\"elementor-element elementor-element-aaba8ca e-con-full e-flex e-con e-child\" data-id=\"aaba8ca\" data-element_type=\"container\" data-settings=\"{&quot;_ha_eqh_enable&quot;:false}\">\n\t\t\t\t<div class=\"elementor-element elementor-element-4fa7681 elementor-widget__width-inherit elementor-widget-tablet__width-inherit elementor-widget-mobile__width-auto elementor-widget elementor-widget-heading\" data-id=\"4fa7681\" data-element_type=\"widget\" data-widget_type=\"heading.default\">\n\t\t\t\t\t<h2 class=\"elementor-heading-title elementor-size-default\">Comit\u00ea de Conduta &amp; \u00c9tica<\/h2>\t\t\t\t<\/div>\n\t\t\t\t<div class=\"elementor-element elementor-element-80c638c elementor-widget elementor-widget-text-editor\" data-id=\"80c638c\" data-element_type=\"widget\" data-widget_type=\"text-editor.default\">\n\t\t\t\t\t\t\t\t\t<ul><li>Jos\u00e9 Tadeu Bijos \u2013 CEO<\/li><li>Celso Rodrigues de Almeida \u2013 Diretor<\/li><li>R\u00f4mulo Castilho Neves \u2013 Diretor<\/li><\/ul>\t\t\t\t\t\t\t\t<\/div>\n\t\t\t\t<\/div>\n\t\t<div class=\"elementor-element elementor-element-3658f8e e-con-full e-flex e-con e-child\" data-id=\"3658f8e\" data-element_type=\"container\" data-settings=\"{&quot;_ha_eqh_enable&quot;:false}\">\n\t\t\t\t<div class=\"elementor-element elementor-element-e8633db elementor-widget__width-inherit elementor-widget-tablet__width-inherit elementor-widget-mobile__width-auto elementor-widget elementor-widget-heading\" data-id=\"e8633db\" data-element_type=\"widget\" data-widget_type=\"heading.default\">\n\t\t\t\t\t<h2 class=\"elementor-heading-title elementor-size-default\">Comit\u00ea da Mulher<\/h2>\t\t\t\t<\/div>\n\t\t\t\t<div class=\"elementor-element elementor-element-dc3d160 elementor-widget elementor-widget-text-editor\" data-id=\"dc3d160\" data-element_type=\"widget\" data-widget_type=\"text-editor.default\">\n\t\t\t\t\t\t\t\t\t<ul><li>Jos\u00e9 Tadeu Bijos \u2013 CEO<\/li><li>Victoria Melo \u2013 RH<\/li><\/ul>\t\t\t\t\t\t\t\t<\/div>\n\t\t\t\t<\/div>\n\t\t\t\t<div class=\"elementor-element elementor-element-08b97ec elementor-mobile-align-center elementor-widget elementor-widget-button\" data-id=\"08b97ec\" data-element_type=\"widget\" data-settings=\"{&quot;ha_floating_fx&quot;:&quot;yes&quot;}\" data-widget_type=\"button.default\">\n\t\t\t\t\t\t\t\t\t\t<a class=\"elementor-button elementor-button-link elementor-size-sm\" href=\"https:\/\/multicomnet.factorialhr.com.br\/complaints\">\n\t\t\t\t\t\t<span class=\"elementor-button-content-wrapper\">\n\t\t\t\t\t\t\t\t\t<span class=\"elementor-button-text\">Canal de den\u00fancia<\/span>\n\t\t\t\t\t<\/span>\n\t\t\t\t\t<\/a>\n\t\t\t\t\t\t\t\t<\/div>\n\t\t\t\t\t<\/div>\n\t\t\t\t<\/div>\n\t\t\t\t<\/div>","protected":false},"excerpt":{"rendered":"<p>Canal da Mulher Nossa empresa se preocupa em manter o ambiente de trabalho \u00edntegro e livre de irregularidades. Por isso, disponibilizamos para nossas colaboradoras este canal espec\u00edfico de comunica\u00e7\u00e3o. O Canal da Mulher \u00e9 um espa\u00e7o para as nossas colaboradoras realizarem den\u00fancias que julguem possuir conte\u00fado sens\u00edvel como, por exemplo, situa\u00e7\u00f5es de ass\u00e9dio, discrimina\u00e7\u00e3o ou [&hellip;]<\/p>","protected":false},"author":1,"featured_media":0,"parent":0,"menu_order":0,"comment_status":"closed","ping_status":"closed","template":"elementor_header_footer","meta":{"footnotes":""},"class_list":["post-958","page","type-page","status-publish","hentry"],"_links":{"self":[{"href":"https:\/\/multicom.bewmarketingdigital.com.br\/es\/wp-json\/wp\/v2\/pages\/958","targetHints":{"allow":["GET"]}}],"collection":[{"href":"https:\/\/multicom.bewmarketingdigital.com.br\/es\/wp-json\/wp\/v2\/pages"}],"about":[{"href":"https:\/\/multicom.bewmarketingdigital.com.br\/es\/wp-json\/wp\/v2\/types\/page"}],"author":[{"embeddable":true,"href":"https:\/\/multicom.bewmarketingdigital.com.br\/es\/wp-json\/wp\/v2\/users\/1"}],"replies":[{"embeddable":true,"href":"https:\/\/multicom.bewmarketingdigital.com.br\/es\/wp-json\/wp\/v2\/comments?post=958"}],"version-history":[{"count":16,"href":"https:\/\/multicom.bewmarketingdigital.com.br\/es\/wp-json\/wp\/v2\/pages\/958\/revisions"}],"predecessor-version":[{"id":1129,"href":"https:\/\/multicom.bewmarketingdigital.com.br\/es\/wp-json\/wp\/v2\/pages\/958\/revisions\/1129"}],"wp:attachment":[{"href":"https:\/\/multicom.bewmarketingdigital.com.br\/es\/wp-json\/wp\/v2\/media?parent=958"}],"curies":[{"name":"wp","href":"https:\/\/api.w.org\/{rel}","templated":true}]}}